{"id":6073,"date":"2020-07-16T09:02:29","date_gmt":"2020-07-16T09:02:29","guid":{"rendered":"http:\/\/shijaeveriut.com\/?page_id=6073"},"modified":"2020-09-29T09:02:01","modified_gmt":"2020-09-29T09:02:01","slug":"il-territorio","status":"publish","type":"page","link":"https:\/\/shijaeveriut.com\/it?page_id=6073","title":{"rendered":"Il Territorio"},"content":{"rendered":"<p>[vc_row simple_background_color=&#8221;#ffffff&#8221;][vc_column]<div class=\"edgtf-elements-holder   edgtf-one-column  edgtf-responsive-mode-1024 edgtf-one-column-alignment-center\" ><div class=\"edgtf-eh-item    edgtf-horizontal-alignment-center \" style=\"background-image: url(https:\/\/shijaeveriut.com\/wp-content\/uploads\/2020\/04\/Sfondo.jpg)\" data-item-class=\"edgtf-eh-custom-1826\" data-1366-1600=\"190px 0% 233px 0%\" data-1024-1366=\"190px 0% 233px 0%\">\n\t<div class=\"edgtf-eh-item-inner\">\n                \t\t<div class=\"edgtf-eh-item-content edgtf-eh-custom-1826\" style=\"padding: 200px 0% 200px 0%\">\n\t\t\t[vc_custom_heading text=&#8221;Il Territorio&#8221; font_container=&#8221;tag:h2|font_size:65px|text_align:center|color:%23ffffff|line_height:100px&#8221; google_fonts=&#8221;font_family:Merriweather%3A300%2C300italic%2Cregular%2Citalic%2C700%2C700italic%2C900%2C900italic|font_style:400%20regular%3A400%3Anormal&#8221; css=&#8221;.vc_custom_1594796614808{background-color: rgba(83,122,78,0.8) !important;*background-color: rgb(83,122,78) !important;}&#8221;]\t\t<\/div>\n\t<\/div>\n<\/div><\/div>[\/vc_column][\/vc_row][vc_row row_content_width=&#8221;grid&#8221;][vc_column width=&#8221;2\/3&#8243;][vc_empty_space height=&#8221;20px&#8221;][vc_column_text css=&#8221;.vc_custom_1594796728782{padding-bottom: 20px !important;}&#8221;]<\/p>\n<h3 style=\"text-align: left;\">Il Territorio<\/h3>\n<p style=\"text-align: left;\"><img data-recalc-dims=\"1\" loading=\"lazy\" decoding=\"async\" class=\"alignnone size-full wp-image-30\" src=\"https:\/\/i0.wp.com\/shijaeveriut.com\/wp-content\/uploads\/2018\/03\/h1-img-3.png?resize=71%2C18\" alt=\"m\" width=\"71\" height=\"18\" \/><\/p>\n<p><span style=\"color: #000000;\">Shija e Veriut intende promuovere i prodotti tipici di delle tre municipalit\u00e0 di Fush\u00eb Arr\u00ebz, Puk\u00eb e Vau Dej\u00ebs nel nord dell\u2019Albania. In questa regione, cime rocciose, foreste, prati alpini, laghi e fiumi circondano cittadine e villaggi sparsi tra la pianura di Vau Dej\u00ebs e le rive dei laghi di Fierza e Koman a nord di Fush\u00eb Arr\u00ebz.<\/span><\/p>\n<p><span style=\"color: #000000;\">I centri urbani pi\u00f9 popolati di Vau Dej\u00ebs sono Bushat e La\u00e7, quest\u2019ultima strategicamente situata alla confluenza dei fiumi Drini e Gjad\u00ebr. La municipalit\u00e0 include una buona parte della pianura della Zadrima e offre svariate produzioni di qualit\u00e0 grazie alla lunga tradizione agricola, di allevamento e artigianato. Da Vau Dej\u00ebs ci si pu\u00f2 dirigere verso i laghi di Vau Dej\u00ebs e Koman, percorrendo la tortuosa strada che costeggia il lago di Vau Dej\u00ebs e il massicio di Cukal per circa 30 km prima di arrivare al villaggio di Koman, sede dell\u2019omonima diga. Da quest\u2019ultima partono le molto apprezzate escursioni sul lago di Koman, in traghetto per il villagio di Fierza o in barca per le rive del Fiume Shala (Lumi i Shal\u00ebs), tra canyon mozzafiato e oasi di relax e bellezze naturali.<\/span>[\/vc_column_text][vc_single_image image=&#8221;3748&#8243; img_size=&#8221;full&#8221; add_caption=&#8221;yes&#8221; alignment=&#8221;center&#8221;][vc_column_text css=&#8221;.vc_custom_1600414747413{padding-bottom: 20px !important;}&#8221;]<\/p>\n<p style=\"text-align: left;\"><span style=\"color: #000000;\">Proseguendo verso ovest da Vau Dej\u00ebs lungo la SH5, invece, una ripida salita segna l\u2019inizio della strada che porta a Puk\u00eb tra foreste di querce e pini. Questa cittadina delle cosiddette Alpi Albanesi si trova a circa 830 m sul livello del mare su un altipiano circondato dai monti T\u00ebrbun e Krrab, a sud del fiume Drini e del lago di Koman. Il carattere alpino di quest\u2019area \u00e8 evidente sia dall\u2019aspetto della cittadina che dai sapori delle specialit\u00e0 locali, in particolare a base di formaggio e carne caprini, frutti di bosco e funghi. Una camminata lungo le vie del centro cittadino recentemente rinnovato \u00e8 un must per tutti i visitatori, mentre la casa-museo dedicata allo scrittore e poeta Albanese Migjeni testimonia il ricco patrimonio storico e culturale di questo piccolo centro abitato. Puk\u00eb ha infatti avuto un ruolo storicamente importante grazie alla posizione strategica lungo la strada che connetteva la citt\u00e0 di Scutari con Kuk\u00ebs e il Kosovo. Degni di nota sono anche il massiccio del monte Munella, che ospita flora e fauna autoctone, i monti Krrab e T\u00ebrbun, il percorso che collega Puk\u00eb con il lago di Koman lungo la valle del torrente Gomina, i prati alpini e le grotte di Ukth e Murga e la valle che porta al villaggio di Gjegjan.<\/span><\/p>\n<p>[\/vc_column_text][vc_single_image image=&#8221;3750&#8243; img_size=&#8221;full&#8221; add_caption=&#8221;yes&#8221; alignment=&#8221;center&#8221;][vc_column_text css=&#8221;.vc_custom_1600414793495{padding-bottom: 20px !important;}&#8221;]<span style=\"color: #000000;\">Circa 20 km a nord-ovest di Puk\u00eb, la cittadina di Fush\u00eb Arr\u00ebz siede sulla valle del fiume Fan. Famosa per le sue risorse minerarie e un tempo importante centro per la lavorazione del legno, questa municipalit\u00e0 \u00e8 caratterizzata dalla ampie catene montuose coperte da foreste e prati d\u2019altura. L\u2019antico villaggio di M\u00ebrtur sotto e l\u2019omonima vetta rocciosa che si staglia sul lago di Koman, l\u2019altipiano di Iball\u00eb, il sito Qaf\u00eb Bari (sede di uno dei pi\u00f9 famigerati campi di prigionia del regime di Enver Hoxha) e la strada panoramica lungo le rive del lago di Fierza sono sicuramente tra i punti di maggior interesse di questa estesa ma poco popolata municipalit\u00e0.<\/span>[\/vc_column_text][vc_single_image image=&#8221;3758&#8243; img_size=&#8221;full&#8221; add_caption=&#8221;yes&#8221; alignment=&#8221;center&#8221;][vc_column_text css=&#8221;.vc_custom_1594796834360{padding-bottom: 20px !important;}&#8221;]<span style=\"color: #000000;\">Vau Dej\u00ebs si compone di cinque unit\u00e0 amministrative: Bushat, Hajmel, Shllak, Temal, Vau Dej\u00ebs and Vig-Mnel\u00eb. Secondo l\u2019ultimo cenismento ufficiale del 2011 la sua popolazione ammonta a 30.438 su un\u2019area di 499 km<sup>2<\/sup>. La municipalit\u00e0 di Puk\u00eb comprende le unit\u00e0 amministrative di Puk\u00eb, Gjegjan, Rrap\u00eb, Qel\u00ebz and Qerret e si estende su 506 km<sup>2<\/sup> abitati da 11.069 persone. Fush\u00eb Arr\u00ebz, infine, \u00e8 suddivisa tra le unit\u00e0 amministrative di Fush\u00eb Arr\u00ebz, Fierz\u00eb, Iball\u00eb, Blerim, and Qaf\u00eb Mali con 7.405 abitanti e 541 km<sup>2 <\/sup>di superficie.<\/span>[\/vc_column_text]<a itemprop=\"url\" href=\"http:\/\/shijaeveriut.com\/it\/index.php\/cosa-vedere\/\" target=\"_self\" style=\"background-color: #537a4e\" class=\"edgtf-btn edgtf-btn-medium edgtf-btn-solid\"  >\n\t        <span class=\"edgtf-btn-border\"><\/span>\n\t    <span class=\"edgtf-btn-text\">Clicca qui per scoprire le attrazioni del nostro territorio!<\/span>\n    <\/a>[vc_empty_space height=&#8221;20px&#8221;][\/vc_column][vc_column width=&#8221;1\/3&#8243;][vc_empty_space height=&#8221;20px&#8221;][vc_single_image image=&#8221;3679&#8243; img_size=&#8221;full&#8221; alignment=&#8221;center&#8221;][vc_custom_heading text=&#8221;Municipalit\u00e0&#8221; font_container=&#8221;tag:h3|text_align:center&#8221; google_fonts=&#8221;font_family:Archivo%20Narrow%3Aregular%2Citalic%2C700%2C700italic|font_style:400%20regular%3A400%3Anormal&#8221;][vc_row_inner][vc_column_inner width=&#8221;1\/3&#8243;][vc_single_image image=&#8221;4129&#8243; img_size=&#8221;full&#8221; alignment=&#8221;center&#8221;][\/vc_column_inner][vc_column_inner width=&#8221;2\/3&#8243;][vc_column_text]<strong>Fushe Arrez<\/strong><\/p>\n<p>Website: <a class=\"gtrackexternal\" href=\"http:\/\/www.bashkiafushearrez.gov.al\/\" target=\"_blank\" rel=\"noopener noreferrer\">bashkiafushearrez.gov.al<\/a><br \/>\nFacebook: <a class=\"gtrackexternal\" href=\"https:\/\/www.facebook.com\/bashkiafushearrez\" target=\"_blank\" rel=\"noopener noreferrer\">Bashkia Fushe Arrez<\/a>[\/vc_column_text][\/vc_column_inner][\/vc_row_inner][vc_empty_space height=&#8221;20px&#8221;][vc_row_inner][vc_column_inner width=&#8221;1\/3&#8243;][vc_single_image image=&#8221;4136&#8243; img_size=&#8221;full&#8221; alignment=&#8221;center&#8221;][\/vc_column_inner][vc_column_inner width=&#8221;2\/3&#8243;][vc_column_text]<strong>Puka<\/strong><\/p>\n<p>Website: <a class=\"gtrackexternal\" href=\"http:\/\/bashkiapuke.gov.al\/\" target=\"_blank\" rel=\"noopener noreferrer\">Bashkiapuke.gov.al<\/a><br \/>\nTel: +355 212 22427<br \/>\nFacebook: <a class=\"gtrackexternal\" href=\"https:\/\/www.facebook.com\/Bashkia-Puk%C3%AB-Faqja-Zyrtare-236776123325015\/\" target=\"_blank\" rel=\"noopener noreferrer\">Facebook: Bashkia Puk\u00eb Faqja Zyrtare<\/a>[\/vc_column_text][\/vc_column_inner][\/vc_row_inner][vc_empty_space height=&#8221;20px&#8221;][vc_row_inner][vc_column_inner width=&#8221;1\/3&#8243;][vc_single_image image=&#8221;4139&#8243; img_size=&#8221;full&#8221; alignment=&#8221;center&#8221;][\/vc_column_inner][vc_column_inner width=&#8221;2\/3&#8243;][vc_column_text]<strong>Vau Dejes<\/strong><\/p>\n<p>Website: <a class=\"gtrackexternal\" href=\"http:\/\/www.vaudejes.gov.al\/\" target=\"_blank\" rel=\"noopener noreferrer\">vaudejes.gov.al<\/a><br \/>\nTel: +3556120006<br \/>\nEmail: <a href=\"mailto:Info@vaudejes.gov.al\">info@vaudejes.gov.al<\/a>[\/vc_column_text][\/vc_column_inner][\/vc_row_inner][vc_empty_space height=&#8221;40px&#8221;][vc_separator][vc_custom_heading text=&#8221;Associazioni&#8221; font_container=&#8221;tag:h3|text_align:center&#8221; google_fonts=&#8221;font_family:Archivo%20Narrow%3Aregular%2Citalic%2C700%2C700italic|font_style:400%20regular%3A400%3Anormal&#8221;][vc_row_inner][vc_column_inner width=&#8221;1\/3&#8243;][vc_single_image image=&#8221;4142&#8243; img_size=&#8221;full&#8221; alignment=&#8221;center&#8221;][\/vc_column_inner][vc_column_inner width=&#8221;2\/3&#8243;][vc_column_text]<strong>Agropuka<\/strong><\/p>\n<p>Website: <a href=\"https:\/\/www.agropuka.org\/\" target=\"_blank\" rel=\"noopener noreferrer\">agropuka.org\/<\/a><br \/>\nTel: +355 69 60 66 909<br \/>\nEmail: <a href=\"mailto:agropuka@gmail.com\">agropuka@gmail.com<\/a><br \/>\nFacebook: <a class=\"gtrackexternal\" href=\"https:\/\/www.facebook.com\/AgroPuka-1435868139994948\/\" target=\"_blank\" rel=\"noopener noreferrer\">AgroPuka<\/a>[\/vc_column_text][\/vc_column_inner][\/vc_row_inner][vc_empty_space height=&#8221;20px&#8221;][vc_row_inner][vc_column_inner width=&#8221;1\/3&#8243;][vc_single_image image=&#8221;4145&#8243; img_size=&#8221;full&#8221; alignment=&#8221;center&#8221;][\/vc_column_inner][vc_column_inner width=&#8221;2\/3&#8243;][vc_column_text]<strong>Farmer Association of Puka and Fushe Arrez<\/strong><\/p>\n<p>Email: <a href=\"mailto:sh.blegtoreve@gmail.com\">sh.blegtoreve@gmail.com<\/a><br \/>\nFacebook: <a href=\"https:\/\/www.facebook.com\/shoqatablegtoreve\" target=\"_blank\" rel=\"noopener noreferrer\">@shoqatablegtoreve<\/a><br \/>\nInstagram: <a href=\"http:\/\/instagram.com\/shoqata_blegtoreve\" target=\"_blank\" rel=\"noopener noreferrer\">@shoqata_blegtoreve<\/a><\/p>\n<p>[\/vc_column_text][\/vc_column_inner][\/vc_row_inner][vc_empty_space height=&#8221;20px&#8221;][vc_row_inner][vc_column_inner width=&#8221;1\/3&#8243;][vc_single_image image=&#8221;4148&#8243; img_size=&#8221;full&#8221; alignment=&#8221;center&#8221;][\/vc_column_inner][vc_column_inner width=&#8221;2\/3&#8243;][vc_column_text]<strong>Discover Puka<\/strong><\/p>\n<p>Instagram: <a href=\"https:\/\/www.instagram.com\/discover_puka\/\" target=\"_blank\" rel=\"noopener noreferrer\">@Discover_Puka<\/a><br \/>\nFacebook:\u00a0<a href=\"https:\/\/www.facebook.com\/DiscoverPuka1\" target=\"_blank\" rel=\"noopener noreferrer\">@DiscoverPuka1<\/a><br \/>\nYoutube: <a href=\"https:\/\/www.youtube.com\/channel\/UC4Y8z-J_Ya9Fmm4Mb9ZyKUg\">Discover Puka<\/a>[\/vc_column_text][\/vc_column_inner][\/vc_row_inner][vc_empty_space height=&#8221;20px&#8221;][vc_row_inner][vc_column_inner width=&#8221;1\/3&#8243;][vc_single_image image=&#8221;4151&#8243; img_size=&#8221;full&#8221; alignment=&#8221;center&#8221;][\/vc_column_inner][vc_column_inner width=&#8221;2\/3&#8243;][vc_column_text]<strong>Zadrima Toka Jon\u00eb<\/strong><\/p>\n<p>Website: <a href=\"https:\/\/zadrimatokajone.al\" target=\"_blank\" rel=\"noopener noreferrer\">zadrimatokajone.al<\/a><br \/>\nFacebook: <a href=\"https:\/\/www.facebook.com\/zadrimaterranostra\/\" target=\"_blank\" rel=\"noopener noreferrer\">@zadrimaterrannostra<\/a>[\/vc_column_text][\/vc_column_inner][\/vc_row_inner][vc_empty_space height=&#8221;20px&#8221;][\/vc_column][\/vc_row]<\/p>\n","protected":false},"excerpt":{"rendered":"<p>[vc_row simple_background_color=&#8221;#ffffff&#8221;][vc_column][\/vc_column][\/vc_row][vc_row row_content_width=&#8221;grid&#8221;][vc_column width=&#8221;2\/3&#8243;][vc_empty_space height=&#8221;20px&#8221;][vc_column_text css=&#8221;.vc_custom_1594796728782{padding-bottom: 20px !important;}&#8221;] Il Territorio Shija e Veriut intende promuovere i prodotti tipici di delle tre municipalit\u00e0 di Fush\u00eb Arr\u00ebz, Puk\u00eb e Vau Dej\u00ebs nel nord dell\u2019Albania. In questa regione, cime rocciose, foreste, prati alpini, laghi e fiumi circondano cittadine e villaggi sparsi [&hellip;]<\/p>\n","protected":false},"author":2,"featured_media":0,"parent":0,"menu_order":0,"comment_status":"closed","ping_status":"closed","template":"full-width.php","meta":{"om_disable_all_campaigns":false,"footnotes":""},"class_list":["post-6073","page","type-page","status-publish","hentry"],"jetpack_sharing_enabled":true,"_links":{"self":[{"href":"https:\/\/shijaeveriut.com\/index.php?rest_route=\/wp\/v2\/pages\/6073","targetHints":{"allow":["GET"]}}],"collection":[{"href":"https:\/\/shijaeveriut.com\/index.php?rest_route=\/wp\/v2\/pages"}],"about":[{"href":"https:\/\/shijaeveriut.com\/index.php?rest_route=\/wp\/v2\/types\/page"}],"author":[{"embeddable":true,"href":"https:\/\/shijaeveriut.com\/index.php?rest_route=\/wp\/v2\/users\/2"}],"replies":[{"embeddable":true,"href":"https:\/\/shijaeveriut.com\/index.php?rest_route=%2Fwp%2Fv2%2Fcomments&post=6073"}],"version-history":[{"count":5,"href":"https:\/\/shijaeveriut.com\/index.php?rest_route=\/wp\/v2\/pages\/6073\/revisions"}],"predecessor-version":[{"id":6902,"href":"https:\/\/shijaeveriut.com\/index.php?rest_route=\/wp\/v2\/pages\/6073\/revisions\/6902"}],"wp:attachment":[{"href":"https:\/\/shijaeveriut.com\/index.php?rest_route=%2Fwp%2Fv2%2Fmedia&parent=6073"}],"curies":[{"name":"wp","href":"https:\/\/api.w.org\/{rel}","templated":true}]}}