{"id":6089,"date":"2020-07-16T09:01:44","date_gmt":"2020-07-16T09:01:44","guid":{"rendered":"http:\/\/shijaeveriut.com\/?page_id=6089"},"modified":"2020-09-18T14:05:36","modified_gmt":"2020-09-18T14:05:36","slug":"frutti-di-bosco-funghi-e-erbe","status":"publish","type":"page","link":"https:\/\/shijaeveriut.com\/it?page_id=6089","title":{"rendered":"Frutti di Bosco, Funghi e Erbe"},"content":{"rendered":"<p>[vc_row parallax_background_image=&#8221;847&#8243;][vc_column]<div class=\"edgtf-elements-holder   edgtf-one-column  edgtf-responsive-mode-768 edgtf-one-column-alignment-center\" ><div class=\"edgtf-eh-item    edgtf-horizontal-alignment-center \" style=\"background-image: url(https:\/\/shijaeveriut.com\/wp-content\/uploads\/2020\/03\/P8201673-3.jpg)\" data-item-class=\"edgtf-eh-custom-8977\" data-1366-1600=\"190px 0% 233px 0%\" data-1024-1366=\"190px 0% 233px 0%\">\n\t<div class=\"edgtf-eh-item-inner\">\n                \t\t<div class=\"edgtf-eh-item-content edgtf-eh-custom-8977\" style=\"padding: 200px 0% 200px 0%\">\n\t\t\t[vc_custom_heading text=&#8221;Frutti di Bosco, Funghi e Erbe&#8221; font_container=&#8221;tag:h2|font_size:75px|text_align:center|color:%23ffffff|line_height:100px&#8221; google_fonts=&#8221;font_family:Merriweather%3A300%2C300italic%2Cregular%2Citalic%2C700%2C700italic%2C900%2C900italic|font_style:400%20regular%3A400%3Anormal&#8221; css=&#8221;.vc_custom_1594885293954{background-color: rgba(83,122,78,0.8) !important;*background-color: rgb(83,122,78) !important;}&#8221;]\t\t<\/div>\n\t<\/div>\n<\/div><\/div>[\/vc_column][\/vc_row][vc_row enable_grunge_effect=&#8221;yes&#8221; grunge_effect_bottom=&#8221;no&#8221; grunge_effect_background=&#8221;#ffffff&#8221;][vc_column]<div class=\"edgtf-elements-holder   edgtf-two-columns  edgtf-responsive-mode-1024 \" ><div class=\"edgtf-eh-item     \"  data-item-class=\"edgtf-eh-custom-5488\" data-1366-1600=\"120px 25px 120px 130px\" data-1024-1366=\"120px 25px 120px 130px\" data-768-1024=\"120px 11% 120px 11%\" data-680-768=\"120px 8% 120px 8%\" data-680=\"60px 8% 60px 8%\">\n\t<div class=\"edgtf-eh-item-inner\">\n                \t\t<div class=\"edgtf-eh-item-content edgtf-eh-custom-5488\" style=\"padding: 120px 4% 120px 43%\">\n\t\t\t[vc_single_image image=&#8221;6172&#8243; img_size=&#8221;full&#8221;]\t\t<\/div>\n\t<\/div>\n<\/div><div class=\"edgtf-eh-item     \"  data-item-class=\"edgtf-eh-custom-1642\" data-1366-1600=\"117px 130px 120px 30px\" data-1024-1366=\"117px 130px 120px 30px\" data-768-1024=\"0px 12% 100px 12%\" data-680-768=\"0px 9% 100px 9%\" data-680=\"0px 8% 60px 8%\">\n\t<div class=\"edgtf-eh-item-inner\">\n                \t\t<div class=\"edgtf-eh-item-content edgtf-eh-custom-1642\" style=\"padding: 117px 42% 120px 6%\">\n\t\t\t<div class=\"edgtf-section-title-holder  edgtf-st-standard \" style=\"text-align: left\">\n\t<div class=\"edgtf-st-inner\">\n\t\t\t\t\t<h3 class=\"edgtf-st-title\" >\n\t\t\t\tFrutti di Bosco, Funghi e Erbe\t\t\t<\/h3>\n\t\t        <svg version=\"1.1\" \n                            class=\"edgtf-animated-svg\" \n                            id=\"edgtf-animated-svg-153\"\n                            xmlns=\"http:\/\/www.w3.org\/2000\/svg\" xmlns:xlink=\"http:\/\/www.w3.org\/1999\/xlink\"\n                            x=\"0px\"\n                            y=\"0px\" \n                            width=\"70.976px\" \n                            height=\"18.01px\" \n                            viewBox=\"0 0 70.976 18.01\" \n                            enable-background=\"new 0 0 70.976 18.01\" \n                            xml:space=\"preserve\"><path fill-rule=\"evenodd\" fill=\"#3d6039\" clip-rule=\"evenodd\" d=\"M0.095,14.197c0.101-0.171,0.398-0.668,0.778-1.221\n\tc0.471-0.686,1.172-1.622,1.299-1.759c0.127-0.137,0.357-0.262,0.676-0.137c0.318,0.125,0.611,0.424,1.452,0.449\n\ts1.096,0.162,2.611,0.225c1.516,0.062,3.414,0.148,6.723-0.041c3.308-0.189,6.578-0.265,8.357-0.189\n\tc1.78,0.076,4.236-0.019,6.152,0.019c1.915,0.038,4.834,0.012,5.088,0.006c0.254-0.006,0.335-0.073,0.484-0.201\n\tc0.148-0.127,0.315-0.267,0.545-0.407c0.229-0.14,0.402-0.2,0.75-0.243c0.348-0.042,1.013-0.352,1.739-0.528\n\tc0.727-0.176,1.422-0.344,1.899-0.788c0.477-0.444,0.875-0.757,1.485-1.216c0.609-0.459,1.149-0.83,1.597-1.138\n\tc0.447-0.308,0.676-0.438,0.799-0.6c0.123-0.161,0.095-0.313,0.042-0.464c-0.053-0.151-0.046-0.131-0.369-0.271\n\tc-0.323-0.14-0.496-0.264-0.496-0.736c0-0.473-0.26-0.729-0.26-0.729s0.423,0,0.739,0.218c0.316,0.218,0.475,0.578,0.505,0.963\n\tc0.03,0.385,0.124,0.647,0.124,0.647s0.376-0.313,0.527-0.749c0.15-0.436,0.01-0.674-0.119-1.053s0.077-0.582-0.035-1.222\n\tc-0.112-0.639,0-1.271,0.49-1.785c0.49-0.513,0.533-0.774,0.533-0.774s0.344,0.724,0.292,1.373\n\tc-0.051,0.648-0.478,1.029-0.886,1.414c-0.409,0.385-0.033,1.233-0.033,1.233s0.123-0.448,0.373-0.907s0.559-0.797,0.649-0.906\n\tc0.091-0.11,0.16,0.015,0.054,0.14c-0.107,0.125-0.699,1.111-0.833,1.577c-0.133,0.465-0.205,0.898-0.338,1.167\n\tc-0.133,0.269-0.279,0.497-0.375,0.562c-0.096,0.065-0.129,0.192,0.191,0.126s0.611-0.188,0.786-0.313\n\tc0.175-0.126,0.346,0.033,0.159,0.175c-0.187,0.143-0.562,0.371-0.761,0.456s-0.35,0.082-0.437,0.069\n\tc-0.087-0.012-0.163-0.024-0.246,0.098c-0.083,0.123-0.827,0.794-1.184,1.094c-0.357,0.299-0.978,0.709-1.466,1.222\n\tc-0.489,0.513-1.065,0.965-1.667,1.273c-0.603,0.308-1.326,0.521-1.902,0.667c-0.577,0.145-0.881,0.367-1.1,0.436\n\tc-0.218,0.069-0.131,0.214,0.087,0.248s0.917,0.205,2.592,0.205c1.675,0,3.089-0.068,3.666-0.111s0.724-0.051,0.995-0.222\n\tc0.27-0.17,1.306-0.8,1.701-1.052c0.394-0.252,0.643-0.445,0.909-0.671S45.982,9.415,46.212,9c0.23-0.415,0.497-0.901,0.72-1.134\n\tc0.223-0.232,0.495-0.405,0.617-0.789c0.122-0.383,0.032-1.03-0.155-1.397s-0.244-0.703,0.058-1.286\n\tc0.301-0.583,0.767-0.663,0.767-0.663s-0.311,0.583-0.098,1.158c0.212,0.575,0.233,1.455-0.018,1.829s-0.444,0.559-0.522,0.683\n\tc-0.077,0.124-0.097,0.228,0.121,0.18s0.727-0.183,1.197-0.605c0.47-0.423,0.632-0.838,0.632-1.283c0-0.445-0.032-0.781,0.077-0.962\n\tc0.11-0.182,0.22-0.315,0.292-0.371c0.072-0.056,0.129,0.015,0.053,0.111c-0.075,0.096-0.159,0.218-0.212,0.326\n\tc-0.053,0.107-0.076,0.223-0.053,0.408c0.022,0.185,0.011,0.608-0.019,0.79s-0.125,0.43-0.186,0.522\n\tc-0.061,0.093-0.038,0.182,0.087,0.089c0.125-0.092,0.666-0.479,0.981-1.054c0.315-0.575,0.291-0.703,0.265-1.06\n\tc-0.025-0.356-0.038-0.513,0.017-0.762c0.055-0.249-0.105-0.676-0.122-1.162c-0.015-0.485,0.094-1.402,0.829-1.978\n\tS52.586,0,52.586,0s-0.387,0.485-0.241,1.106c0.148,0.622,0.023,1.229-0.372,1.675c-0.395,0.448-0.593,0.695-0.742,0.776\n\tc-0.148,0.081-0.231,0.248-0.231,0.383s0.033,0.48,0.022,0.599c-0.011,0.119,0.116,0.194,0.204,0.011\n\tc0.088-0.184,0.167-0.403,0.445-0.722s0.771-0.801,1.044-0.997c0.274-0.195,0.736-0.542,0.844-0.63\n\tc0.108-0.09,0.16,0.039,0.04,0.156c-0.12,0.117-0.564,0.418-0.803,0.613c-0.24,0.196-0.672,0.681-0.855,0.882\n\tc-0.183,0.201-0.279,0.358-0.302,0.447c-0.022,0.089,0.086,0.072,0.239,0c0.154-0.072,0.342-0.262,0.587-0.368\n\tc0.245-0.106,0.377-0.235,0.479-0.34c0.102-0.107,0.513-0.525,0.941-0.737c0.427-0.212,0.649-0.156,1.219,0.1\n\tc0.57,0.257,1.14-0.022,1.14-0.022s-0.376,0.458-1.003,0.876c-0.627,0.418-1.26,0.675-1.704,0.675c-0.445,0-0.77-0.146-0.946-0.185\n\tc-0.177-0.039-0.351,0.065-0.529,0.156c-0.179,0.091-0.458,0.327-0.637,0.479c-0.179,0.152-0.272,0.365-0.419,0.608\n\ts-0.536,0.699-1.04,1.102c-0.505,0.403-1.134,0.768-1.352,0.851c-0.217,0.084-0.155,0.16,0.047,0.206\n\tc0.201,0.045,0.38,0.095,1.143,0.081c0.763-0.014,1.153-0.132,1.52-0.218c0.368-0.087,0.615-0.06,0.693-0.041\n\tc0.08,0.018,0.056,0.114-0.047,0.109c-0.102-0.005-0.423,0.018-0.739,0.104c-0.315,0.086-0.548,0.132-0.637,0.136\n\ts-0.121,0.082-0.004,0.141c0.116,0.06,0.271,0.09,0.933,0.083c0.661-0.007,1.021,0.179,1.513,0.782\n\tc0.491,0.603,1.165,0.853,1.165,0.853s-0.878,0.231-1.578,0.205c-0.701-0.025-1.323-0.288-1.696-0.609\n\tc-0.374-0.321-0.57-1.103-0.675-1.23c-0.104-0.128-0.196-0.135-0.295-0.109c-0.098,0.025-0.74,0.058-1.25-0.019\n\tc-0.511-0.077-0.708-0.122-0.806-0.141c-0.099-0.02-0.197-0.038-0.347,0.09s-0.485,0.602-0.609,1.058\n\tc-0.125,0.455-0.407,0.984-1.013,1.523c-0.605,0.54-1.827,1.231-2.056,1.367c-0.229,0.134-0.165,0.278,0.037,0.296\n\tc0.202,0.018,0.735,0.251,2.709,0.251c1.974,0,2.175,0.135,3.819,0.234s3.757-0.059,4.152-0.115c0.394-0.056,0.53-0.14,0.68-0.288\n\tc0.151-0.147,0.858-0.931,1.309-1.405c0.451-0.473,0.803-0.914,1.1-1.227c0.297-0.312,0.824-0.548,1.417-0.699\n\tc0.594-0.151,1.198-0.549,1.693-0.786c0.494-0.237,2.341-1.313,2.648-1.528s0.396-0.043,0.088,0.161\n\tc-0.308,0.205-1.725,1.081-2.321,1.449c-0.595,0.369-1.235,0.847-1.673,1.007c-0.439,0.16-0.847,0.332-1.135,0.614\n\tc-0.289,0.283-1.204,1.283-1.311,1.387c-0.106,0.104,0.044,0.135,0.194,0.013s0.57-0.387,1.015-0.602\n\tc0.446-0.215,0.878-0.289,1.022-0.307c0.145-0.019,0.208,0.11-0.024,0.184s-0.696,0.215-1.091,0.417s-1.31,0.835-1.486,0.976\n\ts-0.082,0.203,0.094,0.178c0.176-0.024,1.127-0.079,1.778-0.148c0.652-0.069,1.09-0.095,1.323-0.102\n\tc0.232-0.006,0.342-0.082,0.613-0.189c0.271-0.107,0.484-0.265,0.793-0.606c0.31-0.341,0.506-0.544,1.141-0.78\n\tc0.635-0.237,0.96-0.363,1.255-0.57c0.295-0.207,0.998-0.584,1.316-0.555c0.317,0.03,0.196,0.141,0.03,0.163\n\tc-0.167,0.022-0.514,0.082-0.907,0.355c-0.394,0.274-0.726,0.652-1.21,0.874c-0.484,0.223-1.345,0.866-1.467,1.029\n\tc-0.121,0.163-0.007,0.2,0.099,0.244c0.106,0.044,0.521,0.163,1.081,0.111c0.559-0.052,1.089-0.2,1.36-0.622\n\tc0.272-0.422,0.378-0.777,0.877-1.214c0.5-0.437,0.885-0.444,1.633-0.547s1.051-0.399,1.051-0.399s-0.136,0.488-0.446,0.902\n\tc-0.31,0.415-0.892,0.992-1.52,1.347c-0.627,0.355-1.27,0.377-1.542,0.393c-0.272,0.015-0.469,0.082-0.727,0.155\n\tc-0.257,0.074-0.62,0.148-0.703,0.155c-0.083,0.008-0.083,0.112,0.012,0.155c0.094,0.043,0.591,0.271,0.792,0.351\n\tc0.201,0.08,0.774,0.08,0.938,0.08s0.265-0.055,0.359-0.129c0.094-0.074,0.459-0.45,1.51-0.579c1.051-0.129,1.674,0.449,1.674,0.449\n\ts-0.542-0.123-1.013,0.025c-0.472,0.148-0.988,0.407-1.511,0.456c-0.521,0.049-0.711-0.049-0.868-0.08\n\tc-0.158-0.031-0.458-0.027-0.531-0.027c-0.074,0-0.159,0.066-0.055,0.136c0.104,0.069,0.444,0.417,0.642,0.577\n\tc0.197,0.16,0.456,0.309,0.563,0.341c0.107,0.033,0.355,0.05,0.49,0.05c0.135,0,0.501,0.033,0.794-0.11\n\tc0.292-0.144,0.996-0.436,2.1-0.38c1.104,0.055,2.439,0.893,2.439,0.893s-0.67,0.027-1.206,0.154\n\tc-0.535,0.127-1.121,0.463-2.011,0.276c-0.89-0.187-1.261-0.551-1.43-0.623c-0.168-0.071-0.354-0.061-0.541-0.055\n\tc-0.186,0.005-0.237,0.011-0.276,0.011c-0.04,0-0.141,0.039-0.051,0.088c0.09,0.049,0.336,0.187,0.555,0.425\n\tc0.218,0.237,0.282,0.572,0.406,0.726c0.125,0.154,0.024,0.208-0.112,0.089c-0.137-0.118-0.236-0.355-0.321-0.534\n\tc-0.084-0.178-0.397-0.438-0.69-0.536c-0.294-0.098-0.642-0.413-0.93-0.626c-0.288-0.214-0.812-0.505-0.945-0.555\n\tc-0.132-0.049-0.251,0-0.347,0.094c-0.096,0.094-0.137,0.419,0.132,0.594c0.27,0.174,0.372,0.172,0.535,0.383\n\tc0.163,0.21,0.403,0.453,0.67,0.676c0.267,0.224,0.632,0.829,0.515,1.32c-0.117,0.491-0.762,0.886-1.075,1.154\n\tc-0.313,0.268-0.144,0.669-0.144,0.669s-0.332-0.178-0.338-0.708c-0.007-0.529-0.065-0.612-0.248-0.938\n\tc-0.183-0.325-0.248-0.682,0.032-0.988s0.339-0.612,0.352-0.867c0.013-0.255-0.026-0.376-0.15-0.427\n\tc-0.123-0.051-0.442-0.204-0.514-0.421s-0.027-0.447,0.05-0.555c0.077-0.107,0.055-0.183-0.027-0.269\n\tc-0.083-0.087-0.368-0.189-0.643-0.227c-0.274-0.038-0.929-0.113-1.132-0.183s-0.368-0.101-0.652-0.029\n\tc-0.285,0.071-0.729,0.164-1.442,0.221c-0.714,0.057-1.959,0.05-2.184,0.05c-0.226,0-0.379,0.05-0.452,0.15\n\tc-0.073,0.1-0.192,0.355-0.414,0.473c-0.221,0.118-0.398,0.173-0.493,0.179c-0.095,0.006-0.297,0.186-0.088,0.26\n\tc0.208,0.074,0.755,0.333,1.27,0.678s0.681,0.667,0.945,0.825c0.263,0.158,0.567,0.175,0.933,0.152\n\tc0.364-0.023,1.017-0.021,1.633,0.582c0.617,0.604,1.001,0.694,1.001,0.694s-0.57,0.052-1.054,0.032\n\tc-0.483-0.02-0.901-0.104-1.305-0.396c-0.404-0.292-0.384-0.311-0.457-0.383c-0.073-0.071-0.192-0.123-0.345-0.123\n\tc-0.152,0-0.391-0.071-0.597-0.253c-0.206-0.182-0.663-0.589-1.191-0.854c-0.528-0.264-1.471-0.527-1.662-0.67\n\tc-0.191-0.143-0.264-0.258-0.441-0.23c-0.178,0.028-2.121,0.278-3.177,0.252c-1.056-0.024-3.348-0.1-4.468-0.187\n\tc-1.12-0.087-3.266,0.017-5.657-0.063c-2.39-0.078-4.271-0.131-7.01-0.026c-2.74,0.105-6.626,0.252-8.625,0.333\n\ts-6.725,0.163-8.578,0.143c-1.854-0.02-3.227,0.021-5.08,0.082c-1.853,0.062-4.185,0.143-5.434,0.143\n\tc-1.249,0-3.544,0.181-4.472,0.219c-0.928,0.038-1.366,0.012-1.521-0.051C-0.073,14.571,0.031,14.306,0.095,14.197z\"\/><\/svg>\t\t\t\t\t<h5 class=\"edgtf-st-text\" style=\"color: #000000\">\n\t\t\t\tGrazie alle ampie superfici boschive montane e alle zone di macchia mediterranea, a Puka, Fush\u00eb Arr\u00ebz e Vau Dej\u00ebs crescono in maniera spontanea funghi, castagne e molti tipi di erbe aromatiche e frutti di bosco. A questi si aggiungono coltivazioni di frutta quali mele, ciliege, cachi e mele cotogne. Questi frutti sono raccolti e lavorati in maniera artigianale dagli abitanti della zona, i cui piccoli laboratori possono cos\u00ec offrire dei prodotti interamente locali e naturali, come marmellate, frutta e funghi essiccati, succhi di frutta e tisane alle erbe.\t\t\t<\/h5>\n\t\t\t<\/div>\n<\/div>\t\t<\/div>\n\t<\/div>\n<\/div><\/div>[\/vc_column][\/vc_row][vc_row row_content_width=&#8221;grid&#8221; disable_background_image=&#8221;&#8221; simple_background_image=&#8221;896&#8243;][vc_column]<div class=\"edgtf-elements-holder   edgtf-two-columns  edgtf-responsive-mode-1024 edgtf-one-column-alignment-center\" ><div class=\"edgtf-eh-item    edgtf-horizontal-alignment-center \"  data-item-class=\"edgtf-eh-custom-4652\">\n\t<div class=\"edgtf-eh-item-inner\">\n                \t\t<div class=\"edgtf-eh-item-content edgtf-eh-custom-4652\" >\n\t\t\t[vc_column_text css=&#8221;.vc_custom_1600419512238{padding-top: 20px !important;}&#8221;]<\/p>\n<h3 style=\"text-align: center;\">Succhi e Marmellate<\/h3>\n<p style=\"text-align: center;\"><img data-recalc-dims=\"1\" loading=\"lazy\" decoding=\"async\" class=\"alignnone size-full wp-image-30\" src=\"https:\/\/i0.wp.com\/shijaeveriut.com\/wp-content\/uploads\/2018\/03\/h1-img-3.png?resize=71%2C18\" alt=\"m\" width=\"71\" height=\"18\" \/><\/p>\n<p style=\"text-align: center;\"><span style=\"color: #000000;\">Marmellate e succhi di frutti di bosco e altra frutto sono tra i prodotti che si incontrano pi\u00f9 spesso nel territorio di Puka, Vau Dej\u00ebs e Fush\u00eb Arr\u00ebs. Lavorati artiginalmente e con passione da piccoli business, prevalentemente a gestione femminile, questi prodotti sono serviti sulle tavole di tutti i ristoranti della zona per la prima colazione o per una merenda veloce e energizzante, rigorosamente a chilometri-zero!<\/span><\/p>\n<p>[\/vc_column_text]\t\t<\/div>\n\t<\/div>\n<\/div><div class=\"edgtf-eh-item    edgtf-horizontal-alignment-center \"  data-item-class=\"edgtf-eh-custom-2212\">\n\t<div class=\"edgtf-eh-item-inner\">\n                \t\t<div class=\"edgtf-eh-item-content edgtf-eh-custom-2212\" >\n\t\t\t[vc_single_image image=&#8221;6468&#8243; img_size=&#8221;400&#215;300&#8243; alignment=&#8221;center&#8221; css=&#8221;.vc_custom_1597912622446{padding-top: 20px !important;padding-bottom: 20px !important;}&#8221;]\t\t<\/div>\n\t<\/div>\n<\/div><\/div><div class=\"edgtf-elements-holder   edgtf-two-columns  edgtf-responsive-mode-1024 edgtf-one-column-alignment-center\" ><div class=\"edgtf-eh-item    edgtf-horizontal-alignment-center \"  data-item-class=\"edgtf-eh-custom-4932\">\n\t<div class=\"edgtf-eh-item-inner\">\n                \t\t<div class=\"edgtf-eh-item-content edgtf-eh-custom-4932\" >\n\t\t\t[vc_column_text]<\/p>\n<h3 style=\"text-align: center;\">Funghi<\/h3>\n<p style=\"text-align: center;\"><img data-recalc-dims=\"1\" loading=\"lazy\" decoding=\"async\" class=\"alignnone size-full wp-image-30\" src=\"https:\/\/i0.wp.com\/shijaeveriut.com\/wp-content\/uploads\/2018\/03\/h1-img-3.png?resize=71%2C18\" alt=\"m\" width=\"71\" height=\"18\" \/><\/p>\n<p style=\"text-align: center;\"><span style=\"color: #000000;\">Tra i prodotti pi\u00f9 richiesti dal mercato albanese ma non solo, i funghi della zona di Puka, Fush\u00eb Arr\u00ebz e Vau Dej\u00ebs sono famosi per il loro gusto forte e corposo. Questo grazie alla conformazione del territorio e alla presenza di fitte pinete, faggieti e querceti, habitat ideali per i Porcini, ma non solo. <\/span><\/p>\n<p>[\/vc_column_text]\t\t<\/div>\n\t<\/div>\n<\/div><div class=\"edgtf-eh-item    edgtf-horizontal-alignment-center \"  data-item-class=\"edgtf-eh-custom-7562\">\n\t<div class=\"edgtf-eh-item-inner\">\n                \t\t<div class=\"edgtf-eh-item-content edgtf-eh-custom-7562\" >\n\t\t\t[vc_single_image image=&#8221;6431&#8243; img_size=&#8221;400&#215;300&#8243; alignment=&#8221;center&#8221; css=&#8221;.vc_custom_1596895834963{padding-top: 20px !important;padding-bottom: 20px !important;}&#8221;]\t\t<\/div>\n\t<\/div>\n<\/div><\/div><div class=\"edgtf-elements-holder   edgtf-two-columns  edgtf-responsive-mode-1024 edgtf-one-column-alignment-center\" ><div class=\"edgtf-eh-item    edgtf-horizontal-alignment-center \"  data-item-class=\"edgtf-eh-custom-9425\">\n\t<div class=\"edgtf-eh-item-inner\">\n                \t\t<div class=\"edgtf-eh-item-content edgtf-eh-custom-9425\" >\n\t\t\t[vc_column_text]<\/p>\n<h3 style=\"text-align: center;\">Ciai Mali (T\u00e8 di Montagna)<\/h3>\n<p style=\"text-align: center;\"><img data-recalc-dims=\"1\" loading=\"lazy\" decoding=\"async\" class=\"alignnone size-full wp-image-30\" src=\"https:\/\/i0.wp.com\/shijaeveriut.com\/wp-content\/uploads\/2018\/03\/h1-img-3.png?resize=71%2C18\" alt=\"m\" width=\"71\" height=\"18\" \/><\/p>\n<p style=\"text-align: center;\"><span style=\"color: #000000;\">Il Ciai Mali (\u00c7aji Mali), conosciuto in altre regioni anche come T\u00e8 dei Pastori, \u00e8 una tisana a base di <em>Sideritis syriaca<\/em>, pianta originaria del Mediterraneo Orientale e nota in Italia anche come Stregonia Siciliana. Particolarmente diffusa nei Balcani e in Albania, essa cresce principalmente su terreni rocciosi e sui prati a pi\u00f9 di 700 m di altitudine. Molto popolare in Albania, questa pianta \u00e8 largamente utilizzata per l\u2019infuso del Ciai Mali, ma anche per aromatizzare piatti tipici della cucina locale. Inoltre, \u00e8 da sempre uno dei rimedi pi\u00f9 in voga nella medicina popolare, consigliata come decongestionante per lenire gli effetti di raffreddori e sinusiti, ma anche ricca di ferro e antiossidanti naturali.<\/span><\/p>\n<p>[\/vc_column_text]\t\t<\/div>\n\t<\/div>\n<\/div><div class=\"edgtf-eh-item    edgtf-horizontal-alignment-center \"  data-item-class=\"edgtf-eh-custom-5005\">\n\t<div class=\"edgtf-eh-item-inner\">\n                \t\t<div class=\"edgtf-eh-item-content edgtf-eh-custom-5005\" >\n\t\t\t[vc_single_image image=&#8221;3355&#8243; img_size=&#8221;400&#215;300&#8243; alignment=&#8221;center&#8221; css=&#8221;.vc_custom_1590077327666{padding-top: 20px !important;padding-bottom: 20px !important;}&#8221;]\t\t<\/div>\n\t<\/div>\n<\/div><\/div>[\/vc_column][\/vc_row][vc_row enable_grunge_effect=&#8221;yes&#8221; grunge_effect_top=&#8221;no&#8221; grunge_effect_bottom=&#8221;no&#8221; css=&#8221;.vc_custom_1590067022423{background-image: url(http:\/\/shijaeveriut.com\/wp-content\/uploads\/2018\/03\/h2-img-18.jpg?id=177) !important;}&#8221;][vc_column]<div class=\"edgtf-elements-holder   edgtf-two-columns  edgtf-responsive-mode-1024 edgtf-one-column-alignment-center\" ><div class=\"edgtf-eh-item   edgtf-vertical-alignment-top edgtf-horizontal-alignment-center \"  data-item-class=\"edgtf-eh-custom-5622\">\n\t<div class=\"edgtf-eh-item-inner\">\n                \t\t<div class=\"edgtf-eh-item-content edgtf-eh-custom-5622\" style=\"padding: 0px 10px 60px 10px\">\n\t\t\t[vc_column_text css=&#8221;.vc_custom_1594885609057{padding-top: 0px !important;padding-bottom: 20px !important;}&#8221;]<\/p>\n<h3 style=\"text-align: center;\"><span style=\"color: #ffffff;\">Dove posso trovarli?<\/span><\/h3>\n<p style=\"text-align: center;\"><span style=\"color: #ffffff;\">Contatta uno dei laboratori Shija e Veriut che offrono frutti di bosco, funghi, erbe e altri prodotti locali!<\/span><\/p>\n<p>[\/vc_column_text]<a itemprop=\"url\" href=\"http:\/\/shijaeveriut.com\/it\/index.php\/laboratori\/\" target=\"_self\" style=\"color: #ffffff;background-color: #537a4e\" class=\"edgtf-btn edgtf-btn-medium edgtf-btn-solid edgtf-btn-custom-hover-bg\" data-hover-bg-color=\"#ffffff\" >\n\t        <span class=\"edgtf-btn-border\"><\/span>\n\t    <span class=\"edgtf-btn-text\">Vai ai laboratori Shija e Veriut<\/span>\n    <\/a>\t\t<\/div>\n\t<\/div>\n<\/div><\/div>[\/vc_column][\/vc_row][vc_row enable_grunge_effect=&#8221;yes&#8221; grunge_effect_top=&#8221;no&#8221; content_text_aligment=&#8221;left&#8221; grunge_effect_background=&#8221;#ffffff&#8221;][vc_column]<div class=\"edgtf-elements-holder   edgtf-two-columns  edgtf-responsive-mode-1024 edgtf-one-column-alignment-center\" ><div class=\"edgtf-eh-item     \"  data-item-class=\"edgtf-eh-custom-9325\" data-1366-1600=\"20px 25px 60px 130px\" data-1024-1366=\"20px 25px 60px 130px\" data-768-1024=\"60px 11% 60px 11%\" data-680-768=\"60px 8% 60px 8%\" data-680=\"30px 8% 30px 8%\">\n\t<div class=\"edgtf-eh-item-inner\">\n                \t\t<div class=\"edgtf-eh-item-content edgtf-eh-custom-9325\" style=\"padding: 30px 10% 30px 10%\">\n\t\t\t[vc_gallery type=&#8221;image_grid&#8221; images=&#8221;6157,3597,6431,3592,3510,6172&#8243; img_size=&#8221;300&#215;225&#8243; title=&#8221;Foto&#8221;]\t\t<\/div>\n\t<\/div>\n<\/div><\/div>[\/vc_column][\/vc_row]<\/p>\n","protected":false},"excerpt":{"rendered":"<p>[vc_row parallax_background_image=&#8221;847&#8243;][vc_column][\/vc_column][\/vc_row][vc_row enable_grunge_effect=&#8221;yes&#8221; grunge_effect_bottom=&#8221;no&#8221; grunge_effect_background=&#8221;#ffffff&#8221;][vc_column][\/vc_column][\/vc_row][vc_row row_content_width=&#8221;grid&#8221; disable_background_image=&#8221;&#8221; simple_background_image=&#8221;896&#8243;][vc_column][\/vc_column][\/vc_row][vc_row enable_grunge_effect=&#8221;yes&#8221; grunge_effect_top=&#8221;no&#8221; grunge_effect_bottom=&#8221;no&#8221; css=&#8221;.vc_custom_1590067022423{background-image: url(http:\/\/shijaeveriut.com\/wp-content\/uploads\/2018\/03\/h2-img-18.jpg?id=177) !important;}&#8221;][vc_column][\/vc_column][\/vc_row][vc_row enable_grunge_effect=&#8221;yes&#8221; grunge_effect_top=&#8221;no&#8221; content_text_aligment=&#8221;left&#8221; grunge_effect_background=&#8221;#ffffff&#8221;][vc_column][\/vc_column][\/vc_row]<\/p>\n","protected":false},"author":2,"featured_media":0,"parent":0,"menu_order":0,"comment_status":"closed","ping_status":"closed","template":"full-width.php","meta":{"om_disable_all_campaigns":false,"footnotes":""},"class_list":["post-6089","page","type-page","status-publish","hentry"],"jetpack_sharing_enabled":true,"_links":{"self":[{"href":"https:\/\/shijaeveriut.com\/index.php?rest_route=\/wp\/v2\/pages\/6089","targetHints":{"allow":["GET"]}}],"collection":[{"href":"https:\/\/shijaeveriut.com\/index.php?rest_route=\/wp\/v2\/pages"}],"about":[{"href":"https:\/\/shijaeveriut.com\/index.php?rest_route=\/wp\/v2\/types\/page"}],"author":[{"embeddable":true,"href":"https:\/\/shijaeveriut.com\/index.php?rest_route=\/wp\/v2\/users\/2"}],"replies":[{"embeddable":true,"href":"https:\/\/shijaeveriut.com\/index.php?rest_route=%2Fwp%2Fv2%2Fcomments&post=6089"}],"version-history":[{"count":6,"href":"https:\/\/shijaeveriut.com\/index.php?rest_route=\/wp\/v2\/pages\/6089\/revisions"}],"predecessor-version":[{"id":6871,"href":"https:\/\/shijaeveriut.com\/index.php?rest_route=\/wp\/v2\/pages\/6089\/revisions\/6871"}],"wp:attachment":[{"href":"https:\/\/shijaeveriut.com\/index.php?rest_route=%2Fwp%2Fv2%2Fmedia&parent=6089"}],"curies":[{"name":"wp","href":"https:\/\/api.w.org\/{rel}","templated":true}]}}