{"id":6324,"date":"2020-07-20T13:27:55","date_gmt":"2020-07-20T13:27:55","guid":{"rendered":"http:\/\/shijaeveriut.com\/?page_id=6324"},"modified":"2020-11-26T08:20:11","modified_gmt":"2020-11-26T08:20:11","slug":"territori","status":"publish","type":"page","link":"https:\/\/shijaeveriut.com\/sq?page_id=6324","title":{"rendered":"Territori"},"content":{"rendered":"<p>[vc_row simple_background_color=&#8221;#ffffff&#8221;][vc_column]<div class=\"edgtf-elements-holder   edgtf-one-column  edgtf-responsive-mode-1024 edgtf-one-column-alignment-center\" ><div class=\"edgtf-eh-item    edgtf-horizontal-alignment-center \" style=\"background-image: url(https:\/\/shijaeveriut.com\/wp-content\/uploads\/2020\/04\/Sfondo.jpg)\" data-item-class=\"edgtf-eh-custom-9097\" data-1366-1600=\"190px 0% 233px 0%\" data-1024-1366=\"190px 0% 233px 0%\">\n\t<div class=\"edgtf-eh-item-inner\">\n                \t\t<div class=\"edgtf-eh-item-content edgtf-eh-custom-9097\" style=\"padding: 200px 0% 200px 0%\">\n\t\t\t[vc_custom_heading text=&#8221;Territori&#8221; font_container=&#8221;tag:h2|font_size:65px|text_align:center|color:%23ffffff|line_height:100px&#8221; google_fonts=&#8221;font_family:Merriweather%3A300%2C300italic%2Cregular%2Citalic%2C700%2C700italic%2C900%2C900italic|font_style:400%20regular%3A400%3Anormal&#8221; css=&#8221;.vc_custom_1595251556437{background-color: rgba(83,122,78,0.8) !important;*background-color: rgb(83,122,78) !important;}&#8221;]\t\t<\/div>\n\t<\/div>\n<\/div><\/div>[\/vc_column][\/vc_row][vc_row row_content_width=&#8221;grid&#8221;][vc_column width=&#8221;2\/3&#8243;][vc_empty_space height=&#8221;20px&#8221;][vc_column_text css=&#8221;.vc_custom_1606377611011{padding-bottom: 20px !important;}&#8221;]<\/p>\n<h3 style=\"text-align: left;\">Territori<\/h3>\n<p style=\"text-align: left;\"><img data-recalc-dims=\"1\" loading=\"lazy\" decoding=\"async\" class=\"alignnone size-full wp-image-30\" src=\"https:\/\/i0.wp.com\/shijaeveriut.com\/wp-content\/uploads\/2018\/03\/h1-img-3.png?resize=71%2C18\" alt=\"m\" width=\"71\" height=\"18\" \/><\/p>\n<p><span style=\"color: #000000;\">\u201cShija e Veriut\u201d ka si q\u00ebllim promovimin e produkteve tipike t\u00eb tre bashkive: Fush\u00eb Arr\u00ebz, Puk\u00eb dhe Vau Dej\u00ebs n\u00eb Veri t\u00eb Shqip\u00ebris\u00eb. N\u00eb k\u00ebt\u00eb rajon, me maja shk\u00ebmbore, pyje, livadhe alpine, liqene dhe lumenj\u00eb q\u00eb rrethojn\u00eb qytete dhe fshatra t\u00eb shp\u00ebrndara midis rrafshit t\u00eb Vaut t\u00eb Dej\u00ebs dhe brigjeve t\u00eb liqeneve t\u00eb Fierz\u00ebs dhe Komanit e deri n\u00eb veri t\u00eb Fush\u00eb Arr\u00ebzit.<\/span><\/p>\n<p><span style=\"color: #000000;\">Qendrat m\u00eb t\u00eb populluara urbane n\u00eb Vau Dej\u00ebs jan\u00eb Bushati dhe vet\u00eb qyteti i Vaut t\u00eb Dej\u00ebs, ky i fundit i vendosur strategjikisht n\u00eb rrjedh\u00ebn e lumenj\u00ebve Drin dhe Gjad\u00ebr. Bashkia p\u00ebrfshin nj\u00eb pjes\u00eb t\u00eb mir\u00eb t\u00eb fush\u00ebs s\u00eb Zadrim\u00ebs dhe ofron produkte t\u00eb ndryshme me cil\u00ebsi fal\u00eb tradit\u00ebs s\u00eb lasht\u00eb bujq\u00ebsore, blegtorale dhe zejtare. Nga qyteti Vau Dej\u00ebs mund t\u00eb shkohet drejt liqeneve t\u00eb Vaut t\u00eb Dej\u00ebs dhe atij t\u00eb Komanit, duke p\u00ebrshkuar rrug\u00ebn gjith\u00eb kthesa q\u00eb kalon p\u00ebrgjat\u00eb brigjeve t\u00eb liqenit t\u00eb Vaut t\u00eb Dej\u00ebs dhe p\u00ebrball\u00eb malit t\u00eb lart\u00eb t\u00eb Cukalit p\u00ebr rreth 30 km para se t\u00eb mb\u00ebrrini n\u00eb fshatin Koman, aty ku ndodhet diga me t\u00eb nj\u00ebjtin em\u00ebr. Nga kjo e fundit nisin ekskursionet mbresl\u00ebn\u00ebse n\u00eb Liqenin e Komanit, me traget drejt fshatit Fierz ose me vark\u00eb n\u00eb brigjet e Lumit t\u00eb Shal\u00ebs (Lumi i Shal\u00ebs), mes kanioneve mahnit\u00ebse, oazeve relaksuese dhe bukurive natyrore.<\/span>[\/vc_column_text][vc_single_image image=&#8221;3748&#8243; img_size=&#8221;large&#8221; add_caption=&#8221;yes&#8221; alignment=&#8221;center&#8221;][vc_column_text css=&#8221;.vc_custom_1606378550857{padding-bottom: 20px !important;}&#8221;]<span style=\"color: #000000;\">Duke vazhduar drejt veriut nga Vau Dej\u00ebs p\u00ebrgjat\u00eb rrug\u00ebs SH5, n\u00eb fakt, nj\u00eb ngjitje e pjerr\u00ebt sh\u00ebnon fillimin e rrug\u00ebs q\u00eb t\u00eb \u00e7on n\u00eb qytetin e Puk\u00ebs mes pyjeve me pisha dhe lisa. Ky qytet i njohur si qytetit i Alpeve Shqiptare ndodhet rreth 835 m mbi nivelin e detit n\u00eb nj\u00eb pllaj\u00eb t\u00eb rrethuar nga malet e T\u00ebrbunit dhe Krrabit, n\u00eb jug i p\u00ebrshkuar nga lumi Drini dhe Liqeni i Komanit. Karakteri alpin i k\u00ebsaj zone \u00ebsht\u00eb i duksh\u00ebm si nga pamja e qytetit ashtu edhe nga shijet e specialiteteve vendore, n\u00eb ve\u00e7anti bazuar n\u00eb djathin dhe mishin e dhis\u00eb, frutat e pyllit dhe k\u00ebrpurdhat. Nj\u00eb sh\u00ebtitje n\u00ebp\u00ebr rrug\u00ebt e qendr\u00ebs s\u00eb qytetit t\u00eb rinovuar s\u00eb fundmi \u00ebsht\u00eb nj\u00eb domosdoshm\u00ebri p\u00ebr t\u00eb gjith\u00eb vizitor\u00ebt, nd\u00ebrsa sht\u00ebpia-muze kushtuar shkrimtarit dhe poetit shqiptar Migjeni, d\u00ebshmon p\u00ebr trash\u00ebgimin\u00eb e pasur historike dhe kulturore t\u00eb k\u00ebsaj q\u00ebndre t\u00eb vog\u00ebl t\u00eb banuar. Puka n\u00eb fakt ka luajtur nj\u00eb rol historik t\u00eb r\u00ebnd\u00ebsish\u00ebm, fal\u00eb pozicionit t\u00eb saj strategjik p\u00ebrgjat\u00eb rrug\u00ebs q\u00eb lidh qytetin e Shkodr\u00ebs me Kuk\u00ebsin dhe Kosov\u00ebn. Po ashtu, bie n\u00eb sy edhe masivi i malit t\u00eb Munell\u00ebs, i cili \u00ebsht\u00eb pika kryesore e flour\u00ebs dhe faun\u00ebs vendase, malet Krrab dhe T\u00ebrbun, shtegu q\u00eb lidh Puk\u00ebn me Liqenin e Komanit p\u00ebrgjat\u00eb lugin\u00ebs s\u00eb p\u00ebrroit t\u00eb Gomin\u00ebs, livadhet alpine n\u00eb Murg\u00eb dhe shpella e Kaurrit n\u00eb Ukth si dhe rrjedha e lumit Fan q\u00eb t\u00eb \u00e7on n\u00eb fshatin Gjegjan.<\/span>[\/vc_column_text][vc_single_image image=&#8221;3750&#8243; img_size=&#8221;large&#8221; add_caption=&#8221;yes&#8221; alignment=&#8221;center&#8221;][vc_column_text css=&#8221;.vc_custom_1606378694027{padding-bottom: 20px !important;}&#8221;]<span style=\"color: #000000;\">Rreth 20 km n\u00eb veri-lindje t\u00eb Puk\u00ebs, qyteti i Fush\u00eb Arr\u00ebzit shtrihet n\u00eb lugin\u00ebn e lumit Fan. E famshme p\u00ebr burimet e saj minerale dhe dikur nj\u00eb qend\u00ebr e r\u00ebnd\u00ebsishme e p\u00ebrpunimit t\u00eb drurit, kjo bashki karakterizohet nga vargmale t\u00eb m\u00ebdha malore t\u00eb mbuluara me pyje dhe livadhe. Fshati i lasht\u00eb i M\u00ebrturit posht\u00eb maj\u00ebs shk\u00ebmbore me t\u00eb nj\u00ebjtin emer q\u00ebndron buz\u00eb liqenit t\u00eb Komanit, fusha e Iball\u00ebs, burgu fam\u00ebkeq i Qaf\u00eb Barit (vendi i nj\u00eb prej kampeve m\u00eb fam\u00ebkeqe t\u00eb burgjeve t\u00eb regjimit t\u00eb Enver Hoxh\u00ebs`) dhe rruga panoramike p\u00ebrgjat\u00eb brigjeve t\u00eb Liqenit t\u00eb Fierz\u00ebs jan\u00eb padyshim nd\u00ebr pikat me interes m\u00eb t\u00eb madh t\u00eb k\u00ebsaj bashkie me shtrirje t\u00eb gjer\u00eb por me popullsi t\u00eb pakt\u00eb.<\/span>[\/vc_column_text][vc_single_image image=&#8221;3758&#8243; img_size=&#8221;large&#8221; add_caption=&#8221;yes&#8221; alignment=&#8221;center&#8221;][vc_column_text css=&#8221;.vc_custom_1606378780268{padding-bottom: 20px !important;}&#8221;]<span style=\"color: #000000;\">Vau Dej\u00ebs p\u00ebrb\u00ebhet nga pes\u00eb nj\u00ebsi administrative: Bushat, Hajmel, Shllak, Temal, Vau Dej\u00ebs dhe Vig-Mnel\u00eb. Sipas regjistrimit t\u00eb fundit zyrtar t\u00eb vitit 2011, popullsia arrin n\u00eb 30.438 n\u00eb nj\u00eb sip\u00ebrfaqe prej 499 km\u00b2. Bashkia e Puk\u00ebs p\u00ebrfshin\u00eb nj\u00ebsit\u00eb administrative Puk\u00eb, Gjegjan, Rrap\u00eb, Qel\u00ebz dhe Luf-Qerret dhe mbulon 506 km\u00b2 t\u00eb banuar nga 11.069 persona. Nd\u00ebrsa, Fush\u00eb Arr\u00ebz ndahet midis nj\u00ebsive administrative Fush\u00eb Arr\u00ebz, Fierz\u00eb, Iball\u00eb, Blerim dhe Qaf\u00eb Mali me 7.405 banor\u00eb dhe 541 km\u00b2 sip\u00ebrfaqe.<\/span>[\/vc_column_text]<a itemprop=\"url\" href=\"http:\/\/shijaeveriut.com\/sq\/index.php\/cfare-do-te-shohim\/\" target=\"_self\" style=\"background-color: #537a4e\" class=\"edgtf-btn edgtf-btn-medium edgtf-btn-solid\"  >\n\t        <span class=\"edgtf-btn-border\"><\/span>\n\t    <span class=\"edgtf-btn-text\">\u00c7fare do t\u00eb shohim? Zbulo m\u00eb shum\u00eb k\u00ebtu!<\/span>\n    <\/a>[vc_empty_space height=&#8221;20px&#8221;][\/vc_column][vc_column width=&#8221;1\/3&#8243;][vc_empty_space height=&#8221;20px&#8221;][vc_single_image image=&#8221;3679&#8243; img_size=&#8221;full&#8221; alignment=&#8221;center&#8221;][vc_custom_heading text=&#8221;Bashkit\u00eb&#8221; font_container=&#8221;tag:h3|text_align:center&#8221; google_fonts=&#8221;font_family:Archivo%20Narrow%3Aregular%2Citalic%2C700%2C700italic|font_style:400%20regular%3A400%3Anormal&#8221;][vc_row_inner][vc_column_inner width=&#8221;1\/3&#8243;][vc_single_image image=&#8221;4129&#8243; img_size=&#8221;full&#8221; alignment=&#8221;center&#8221;][\/vc_column_inner][vc_column_inner width=&#8221;2\/3&#8243;][vc_column_text]<strong>Fushe Arrez<\/strong><br \/>\n<a href=\"http:\/\/www.bashkiafushearrez.gov.al\">www.bashkiafushearrez.gov.al<\/a><br \/>\n<a href=\"https:\/\/www.facebook.com\/bashkiafushearrez\">facebook.com\/bashkiafushearrez<\/a>[\/vc_column_text][\/vc_column_inner][\/vc_row_inner][vc_empty_space height=&#8221;20px&#8221;][vc_row_inner][vc_column_inner width=&#8221;1\/3&#8243;][vc_single_image image=&#8221;4136&#8243; img_size=&#8221;full&#8221; alignment=&#8221;center&#8221;][\/vc_column_inner][vc_column_inner width=&#8221;2\/3&#8243;][vc_column_text]<strong>Puka<\/strong><br \/>\n<a href=\"http:\/\/bashkiapuke.gov.al\/\">www.bashkiapuke.gov.al<\/a><br \/>\n+355 212 22427<br \/>\n<a href=\"https:\/\/www.facebook.com\/Bashkia-Puk%C3%AB-Faqja-Zyrtare-236776123325015\/\">facebook.com\/Bashkia-Puk%C3%AB-Faqja-Zyrtare-236776123325015\/<\/a>[\/vc_column_text][\/vc_column_inner][\/vc_row_inner][vc_empty_space height=&#8221;20px&#8221;][vc_row_inner][vc_column_inner width=&#8221;1\/3&#8243;][vc_single_image image=&#8221;4139&#8243; img_size=&#8221;full&#8221; alignment=&#8221;center&#8221;][\/vc_column_inner][vc_column_inner width=&#8221;2\/3&#8243;][vc_column_text]<strong>Vau Dejes<\/strong><br \/>\n<a href=\"http:\/\/www.vaudejes.gov.al\/\">http:\/\/www.vaudejes.gov.al\/<\/a><br \/>\n+3556120006<br \/>\n<a href=\"mailto:Info@vaudejes.gov.al\">Info@vaudejes.gov.al<\/a>[\/vc_column_text][\/vc_column_inner][\/vc_row_inner][vc_empty_space height=&#8221;40px&#8221;][vc_separator][vc_custom_heading text=&#8221;Shoqatat&#8221; font_container=&#8221;tag:h3|text_align:center&#8221; google_fonts=&#8221;font_family:Archivo%20Narrow%3Aregular%2Citalic%2C700%2C700italic|font_style:400%20regular%3A400%3Anormal&#8221;][vc_row_inner][vc_column_inner width=&#8221;1\/3&#8243;][vc_single_image image=&#8221;4142&#8243; img_size=&#8221;full&#8221; alignment=&#8221;center&#8221;][\/vc_column_inner][vc_column_inner width=&#8221;2\/3&#8243;][vc_column_text]<strong>Agropuka<\/strong><br \/>\n<a href=\"https:\/\/www.agropuka.org\/\">https:\/\/www.agropuka.org\/<\/a><br \/>\n+355 69 60 66 909<br \/>\n<a href=\"mailto:agropuka@gmail.com\">agropuka@gmail.com<\/a><br \/>\n<a href=\"https:\/\/www.facebook.com\/AgroPuka-1435868139994948\/\">facebook.com\/AgroPuka-1435868139994948\/<\/a>[\/vc_column_text][\/vc_column_inner][\/vc_row_inner][vc_empty_space height=&#8221;20px&#8221;][vc_row_inner][vc_column_inner width=&#8221;1\/3&#8243;][vc_single_image image=&#8221;4145&#8243; img_size=&#8221;full&#8221; alignment=&#8221;center&#8221;][\/vc_column_inner][vc_column_inner width=&#8221;2\/3&#8243;][vc_column_text]<strong>Farmer Association of Puka and Fushe Arrez<\/strong><br \/>\n<a href=\"mailto:sh.blegtoreve@gmail.com\">sh.blegtoreve@gmail.com<\/a><br \/>\n<a href=\"https:\/\/www.facebook.com\/shoqatablegtoreve\" target=\"_blank\" rel=\"noopener noreferrer\">facebook.com\/shoqatablegtoreve<\/a><br \/>\n<a href=\"http:\/\/instagram.com\/shoqata_blegtoreve\" target=\"_blank\" rel=\"noopener noreferrer\">instagram.com\/shoqata_blegtoreve<\/a>[\/vc_column_text][\/vc_column_inner][\/vc_row_inner][vc_empty_space height=&#8221;20px&#8221;][vc_row_inner][vc_column_inner width=&#8221;1\/3&#8243;][vc_single_image image=&#8221;4148&#8243; img_size=&#8221;full&#8221; alignment=&#8221;center&#8221;][\/vc_column_inner][vc_column_inner width=&#8221;2\/3&#8243;][vc_column_text]<strong>Discover Puka<\/strong><br \/>\n<a href=\"https:\/\/www.instagram.com\/discover_puka\/\" target=\"_blank\" rel=\"noopener noreferrer\">instagram.com\/discover_puka<\/a><br \/>\n<a href=\"https:\/\/www.youtube.com\/channel\/UC4Y8z-J_Ya9Fmm4Mb9ZyKUg\">youtube.com\/channel\/UC4Y8z-J_Ya9Fmm4Mb9ZyKUg<\/a>[\/vc_column_text][\/vc_column_inner][\/vc_row_inner][vc_empty_space height=&#8221;20px&#8221;][vc_row_inner][vc_column_inner width=&#8221;1\/3&#8243;][vc_single_image image=&#8221;4151&#8243; img_size=&#8221;full&#8221; alignment=&#8221;center&#8221;][\/vc_column_inner][vc_column_inner width=&#8221;2\/3&#8243;][vc_column_text]<strong>Zadrima Toka Jona<\/strong><br \/>\n<a href=\"https:\/\/zadrimatokajone.al\" target=\"_blank\" rel=\"noopener noreferrer\">https:\/\/zadrimatokajone.al<\/a><br \/>\n<a href=\"https:\/\/www.facebook.com\/zadrimaterranostra\/\" target=\"_blank\" rel=\"noopener noreferrer\">https:\/\/www.facebook.com\/zadrimaterranostra\/<\/a>[\/vc_column_text][\/vc_column_inner][\/vc_row_inner][vc_empty_space height=&#8221;20px&#8221;][\/vc_column][\/vc_row]<\/p>\n","protected":false},"excerpt":{"rendered":"<p>[vc_row simple_background_color=&#8221;#ffffff&#8221;][vc_column][\/vc_column][\/vc_row][vc_row row_content_width=&#8221;grid&#8221;][vc_column width=&#8221;2\/3&#8243;][vc_empty_space height=&#8221;20px&#8221;][vc_column_text css=&#8221;.vc_custom_1606377611011{padding-bottom: 20px !important;}&#8221;] Territori \u201cShija e Veriut\u201d ka si q\u00ebllim promovimin e produkteve tipike t\u00eb tre bashkive: Fush\u00eb Arr\u00ebz, Puk\u00eb dhe Vau Dej\u00ebs n\u00eb Veri t\u00eb Shqip\u00ebris\u00eb. N\u00eb k\u00ebt\u00eb rajon, me maja shk\u00ebmbore, pyje, livadhe alpine, liqene dhe lumenj\u00eb q\u00eb rrethojn\u00eb qytete dhe [&hellip;]<\/p>\n","protected":false},"author":2,"featured_media":0,"parent":0,"menu_order":0,"comment_status":"closed","ping_status":"closed","template":"full-width.php","meta":{"om_disable_all_campaigns":false,"footnotes":""},"class_list":["post-6324","page","type-page","status-publish","hentry"],"jetpack_sharing_enabled":true,"_links":{"self":[{"href":"https:\/\/shijaeveriut.com\/index.php?rest_route=\/wp\/v2\/pages\/6324","targetHints":{"allow":["GET"]}}],"collection":[{"href":"https:\/\/shijaeveriut.com\/index.php?rest_route=\/wp\/v2\/pages"}],"about":[{"href":"https:\/\/shijaeveriut.com\/index.php?rest_route=\/wp\/v2\/types\/page"}],"author":[{"embeddable":true,"href":"https:\/\/shijaeveriut.com\/index.php?rest_route=\/wp\/v2\/users\/2"}],"replies":[{"embeddable":true,"href":"https:\/\/shijaeveriut.com\/index.php?rest_route=%2Fwp%2Fv2%2Fcomments&post=6324"}],"version-history":[{"count":7,"href":"https:\/\/shijaeveriut.com\/index.php?rest_route=\/wp\/v2\/pages\/6324\/revisions"}],"predecessor-version":[{"id":7254,"href":"https:\/\/shijaeveriut.com\/index.php?rest_route=\/wp\/v2\/pages\/6324\/revisions\/7254"}],"wp:attachment":[{"href":"https:\/\/shijaeveriut.com\/index.php?rest_route=%2Fwp%2Fv2%2Fmedia&parent=6324"}],"curies":[{"name":"wp","href":"https:\/\/api.w.org\/{rel}","templated":true}]}}