{"id":914,"date":"2018-03-27T08:05:37","date_gmt":"2018-03-27T08:05:37","guid":{"rendered":"http:\/\/hereford.edge-themes.com\/?page_id=914"},"modified":"2020-09-21T06:19:46","modified_gmt":"2020-09-21T06:19:46","slug":"ourterritory","status":"publish","type":"page","link":"https:\/\/shijaeveriut.com\/?page_id=914","title":{"rendered":"Our Territory"},"content":{"rendered":"<p>[vc_row simple_background_color=&#8221;#ffffff&#8221;][vc_column]<div class=\"edgtf-elements-holder   edgtf-one-column  edgtf-responsive-mode-1024 edgtf-one-column-alignment-center\" ><div class=\"edgtf-eh-item    edgtf-horizontal-alignment-center \" style=\"background-image: url(https:\/\/shijaeveriut.com\/wp-content\/uploads\/2020\/04\/Sfondo.jpg)\" data-item-class=\"edgtf-eh-custom-6654\" data-1366-1600=\"190px 0% 233px 0%\" data-1024-1366=\"190px 0% 233px 0%\">\n\t<div class=\"edgtf-eh-item-inner\">\n                \t\t<div class=\"edgtf-eh-item-content edgtf-eh-custom-6654\" style=\"padding: 200px 0% 200px 0%\">\n\t\t\t[vc_custom_heading text=&#8221;Our Territory&#8221; font_container=&#8221;tag:h2|font_size:65px|text_align:center|color:%23ffffff|line_height:100px&#8221; google_fonts=&#8221;font_family:Merriweather%3A300%2C300italic%2Cregular%2Citalic%2C700%2C700italic%2C900%2C900italic|font_style:400%20regular%3A400%3Anormal&#8221; css=&#8221;.vc_custom_1599489025547{background-color: rgba(83,122,78,0.8) !important;*background-color: rgb(83,122,78) !important;}&#8221;]\t\t<\/div>\n\t<\/div>\n<\/div><\/div>[\/vc_column][\/vc_row][vc_row row_content_width=&#8221;grid&#8221;][vc_column width=&#8221;2\/3&#8243;][vc_empty_space height=&#8221;20px&#8221;][vc_column_text css=&#8221;.vc_custom_1600254301552{padding-bottom: 20px !important;}&#8221;]<\/p>\n<h3 style=\"text-align: left;\">Our Territory<\/h3>\n<p style=\"text-align: left;\"><img data-recalc-dims=\"1\" loading=\"lazy\" decoding=\"async\" class=\"alignnone size-full wp-image-30\" src=\"https:\/\/i0.wp.com\/shijaeveriut.com\/wp-content\/uploads\/2018\/03\/h1-img-3.png?resize=71%2C18\" alt=\"m\" width=\"71\" height=\"18\" \/><\/p>\n<p style=\"text-align: left;\"><span style=\"color: #000000;\">Shija e Veriut promotes traditional products from the three northern Albanian municipalities of Fush\u00eb Arr\u00ebz, Puk\u00eb, and Vau Dej\u00ebs. In this region rocky peaks, forests, meadows, lakes, and rivers surround towns and villages scattered between the\u00a0 lowlands of Vau Dej\u00ebs and the shores of the Fierza and Komani lakes at the northern end of Fush\u00eb Arr\u00ebz.<\/span><\/p>\n<p style=\"text-align: left;\"><span style=\"color: #000000;\">Bushat and La\u00e7 are the most populated centres of Vau Dej\u00ebs, with the latter neatly situated at the confluence of the Drini and Gjad\u00ebr rivers. This municipality includes a good part of the Zadrima region and offers plenty of quality products thanks to a long tradition of agriculture, breeding, and handicraft. From Vau Dej\u00ebs the traveller is presented with the option to head towards the Lakes Vau Dej\u00ebs and Komani. A bumpy road runs along the shores of Vau Dej\u00ebs lake and in front of the Cukali massif for about 30 km up to the village of Koman. Here, the much-appreciated trips on the Komani Lake have their starting point, bringing tourists and locals to Fierza or <em>Lumi i Shales<\/em> through breath-taking canyons and several small oases of relax and natural beauty.<\/span><\/p>\n<p>[\/vc_column_text][vc_single_image image=&#8221;3748&#8243; img_size=&#8221;large&#8221; add_caption=&#8221;yes&#8221; alignment=&#8221;center&#8221;][vc_column_text css=&#8221;.vc_custom_1599484593751{padding-bottom: 20px !important;}&#8221;]<\/p>\n<p style=\"text-align: left;\"><span style=\"color: #000000;\">Moving westwards of Vau Dej\u00ebs, along the SH5, a steep climb marks the beginning of the mountain road that leads to Puk\u00eb, passing through oak and pine forests. A small town in the Albanian Alps, Puk\u00eb is located at around 830 m above the sea level on a plateau surrounded by the T\u00ebrbuni and Krrab mountains, south of the Drini River and Komani Lake. The alpine character of the area is evident both in the look of the town and in the tastes of local delicacies, especially based on goat cheese and meat, berries, and mushrooms. A stroll along the recently renewed city centre is a must for all visitors, while Migjeni Museum testifies for the unexpectedly rich cultural heritage of this small centre. Indeed, the town has historically enjoyed a strategic position along the route connecting Shkod\u00ebr with Kuk\u00ebs and Kosovo. Noteworthy are also the Munella massif, home to autochthonous wildlife and vegetation, T\u00ebrbuni and Krrab mountains, Puk\u00eb \u2013 Qel\u00ebz \u2013 Komani Lake route descending the river Gomina valley, the meadows and caves in Ukth and Murga, as well as the valley leading to Gjegjan village.<\/span><\/p>\n<p>[\/vc_column_text][vc_single_image image=&#8221;3750&#8243; img_size=&#8221;large&#8221; add_caption=&#8221;yes&#8221; alignment=&#8221;center&#8221;][vc_column_text css=&#8221;.vc_custom_1599484667783{padding-bottom: 20px !important;}&#8221;]<\/p>\n<p style=\"text-align: left;\"><span style=\"color: #000000;\">Some 20 km northwest of Puk\u00eb, the town of Fush\u00eb Arr\u00ebz sits on the Fan river valley. Famous for its mining and water resources, as well as for its long history of timber processing, the municipality is characterized by vast mountain ranges, covered with forests and meadows. The old village of M\u00ebrtur, located under a majestic rocky peak looking onto the Komani Lake, the Iball\u00eb plateau, the Qaf\u00eb Bari site, home of one of the harshest prison camps of Enver Hoxha\u2019s regime, as well as the panoramic road that runs along Fierza Lake\u2019s coast, are the most recommended sights of this vast, yet sparsely populated municipality.<\/span><\/p>\n<p>[\/vc_column_text][vc_single_image image=&#8221;3758&#8243; img_size=&#8221;large&#8221; add_caption=&#8221;yes&#8221; alignment=&#8221;center&#8221;][vc_column_text css=&#8221;.vc_custom_1592564447457{padding-bottom: 20px !important;}&#8221;]<\/p>\n<p style=\"text-align: left;\"><span style=\"color: #000000;\">Vau Dej\u00ebs is composed of five administrative units: Bushat, Hajmel, Shllak, Temal, Vau Dej\u00ebs and Vig-Mnel\u00eb. According to the last official census in 2011, the total population is 30.438, in a total area of around 499 km<sup>2<\/sup>. Puk\u00eb municipality includes the administrative units of Puk\u00eb, Gjegjan, Rrap\u00eb, Qel\u00ebz and Qerret, and extends for 506 km<sup>2<\/sup>, numbering a total of 11.069 inhabitants. Lastly, Fush\u00eb Arr\u00ebz features the administrative units of Fush\u00eb Arr\u00ebz, Fierz\u00eb, Iball\u00eb, Blerim, and Qaf\u00eb Mali, with a total of 7.405 inhabitants on a surface of 541 km<sup>2<\/sup>.<\/span><\/p>\n<p>[\/vc_column_text]<a itemprop=\"url\" href=\"http:\/\/shijaeveriut.com\/index.php\/sights\/\" target=\"_self\" style=\"background-color: #537a4e\" class=\"edgtf-btn edgtf-btn-medium edgtf-btn-solid\"  >\n\t        <span class=\"edgtf-btn-border\"><\/span>\n\t    <span class=\"edgtf-btn-text\">Check out our best sights<\/span>\n    <\/a>[vc_empty_space height=&#8221;20px&#8221;][\/vc_column][vc_column width=&#8221;1\/3&#8243;][vc_empty_space height=&#8221;20px&#8221;][vc_single_image image=&#8221;3679&#8243; img_size=&#8221;full&#8221; alignment=&#8221;center&#8221;][vc_custom_heading text=&#8221;Municipalities&#8221; font_container=&#8221;tag:h3|text_align:center&#8221; google_fonts=&#8221;font_family:Archivo%20Narrow%3Aregular%2Citalic%2C700%2C700italic|font_style:400%20regular%3A400%3Anormal&#8221;][vc_row_inner][vc_column_inner width=&#8221;1\/3&#8243;][vc_single_image image=&#8221;4129&#8243; img_size=&#8221;full&#8221; alignment=&#8221;center&#8221;][\/vc_column_inner][vc_column_inner width=&#8221;2\/3&#8243;][vc_column_text]<strong>Fushe Arrez<\/strong><br \/>\nWebsite: <a href=\"http:\/\/www.bashkiafushearrez.gov.al\" target=\"_blank\" rel=\"noopener noreferrer\">bashkiafushearrez.gov.al<\/a><br \/>\nFacebook: <a href=\"https:\/\/www.facebook.com\/bashkiafushearrez\" target=\"_blank\" rel=\"noopener noreferrer\">Bashkia Fushe Arrez<\/a>[\/vc_column_text][\/vc_column_inner][\/vc_row_inner][vc_empty_space height=&#8221;20px&#8221;][vc_row_inner][vc_column_inner width=&#8221;1\/3&#8243;][vc_single_image image=&#8221;4136&#8243; img_size=&#8221;full&#8221; alignment=&#8221;center&#8221;][\/vc_column_inner][vc_column_inner width=&#8221;2\/3&#8243;][vc_column_text]<strong>Puka<\/strong><br \/>\nWebsite: <a href=\"http:\/\/bashkiapuke.gov.al\/\" target=\"_blank\" rel=\"noopener noreferrer\">Bashkiapuke.gov.al<\/a><br \/>\nTel: +355 212 22427<br \/>\nFacebook: <a href=\"https:\/\/www.facebook.com\/Bashkia-Puk%C3%AB-Faqja-Zyrtare-236776123325015\/\" target=\"_blank\" rel=\"noopener noreferrer\">Bashkia Puk\u00eb Faqja Zyrtare<\/a>[\/vc_column_text][\/vc_column_inner][\/vc_row_inner][vc_empty_space height=&#8221;20px&#8221;][vc_row_inner][vc_column_inner width=&#8221;1\/3&#8243;][vc_single_image image=&#8221;4139&#8243; img_size=&#8221;full&#8221; alignment=&#8221;center&#8221;][\/vc_column_inner][vc_column_inner width=&#8221;2\/3&#8243;][vc_column_text]<strong>Vau Dejes<\/strong><br \/>\nWebsite: <a href=\"http:\/\/www.vaudejes.gov.al\/\" target=\"_blank\" rel=\"noopener noreferrer\">vaudejes.gov.al<\/a><br \/>\nTel: +3556120006<br \/>\nEmail: <a href=\"mailto:Info@vaudejes.gov.al\">Info@vaudejes.gov.al<\/a>[\/vc_column_text][\/vc_column_inner][\/vc_row_inner][vc_empty_space height=&#8221;40px&#8221;][vc_separator][vc_custom_heading text=&#8221;Associations&#8221; font_container=&#8221;tag:h3|text_align:center&#8221; google_fonts=&#8221;font_family:Archivo%20Narrow%3Aregular%2Citalic%2C700%2C700italic|font_style:400%20regular%3A400%3Anormal&#8221;][vc_row_inner][vc_column_inner width=&#8221;1\/3&#8243;][vc_single_image image=&#8221;4142&#8243; img_size=&#8221;full&#8221; alignment=&#8221;center&#8221;][\/vc_column_inner][vc_column_inner width=&#8221;2\/3&#8243;][vc_column_text]<strong>Agropuka<\/strong><br \/>\nWebsite: <a href=\"https:\/\/www.agropuka.org\/\" target=\"_blank\" rel=\"noopener noreferrer\">agropuka.org<\/a><br \/>\n+355 69 60 66 909<br \/>\nEmail: <a href=\"mailto:agropuka@gmail.com\">agropuka@gmail.com<\/a><br \/>\nFacebook: <a href=\"https:\/\/www.facebook.com\/AgroPuka-1435868139994948\/\" target=\"_blank\" rel=\"noopener noreferrer\">@AgroPuka<\/a>[\/vc_column_text][\/vc_column_inner][\/vc_row_inner][vc_empty_space height=&#8221;20px&#8221;][vc_row_inner][vc_column_inner width=&#8221;1\/3&#8243;][vc_single_image image=&#8221;4145&#8243; img_size=&#8221;full&#8221; alignment=&#8221;center&#8221;][\/vc_column_inner][vc_column_inner width=&#8221;2\/3&#8243;][vc_column_text]<strong>Farmer Association of Puka and Fushe Arrez<\/strong><\/p>\n<p>Facebook: <a href=\"https:\/\/www.facebook.com\/shoqatablegtoreve\" target=\"_blank\" rel=\"noopener noreferrer\">@shoqatablegtoreve<\/a><br \/>\nInstagram: <a href=\"http:\/\/instagram.com\/shoqata_blegtoreve\" target=\"_blank\" rel=\"noopener noreferrer\">@shoqata_blegtoreve<\/a><br \/>\nEmail: <a href=\"mailto:sh.blegtoreve@gmail.com\">sh.blegtoreve@gmail.com<\/a>[\/vc_column_text][\/vc_column_inner][\/vc_row_inner][vc_empty_space height=&#8221;20px&#8221;][vc_row_inner][vc_column_inner width=&#8221;1\/3&#8243;][vc_single_image image=&#8221;4148&#8243; img_size=&#8221;full&#8221; alignment=&#8221;center&#8221;][\/vc_column_inner][vc_column_inner width=&#8221;2\/3&#8243;][vc_column_text]<strong>Discover Puka<\/strong><\/p>\n<p>Facebook: <a class=\"gtrackexternal\" href=\"https:\/\/www.facebook.com\/DiscoverPuka1\" target=\"_blank\" rel=\"noopener noreferrer\">@DiscoverPuka1<\/a><br \/>\nInstagram: <a href=\"https:\/\/www.instagram.com\/discover_puka\/\" target=\"_blank\" rel=\"noopener noreferrer\">@Discover_puka<\/a><br \/>\nYoutube: <a href=\"https:\/\/www.youtube.com\/channel\/UC4Y8z-J_Ya9Fmm4Mb9ZyKUg\" target=\"_blank\" rel=\"noopener noreferrer\">Discover Puka<\/a>[\/vc_column_text][\/vc_column_inner][\/vc_row_inner][vc_empty_space height=&#8221;20px&#8221;][vc_row_inner][vc_column_inner width=&#8221;1\/3&#8243;][vc_single_image image=&#8221;4151&#8243; img_size=&#8221;full&#8221; alignment=&#8221;center&#8221;][\/vc_column_inner][vc_column_inner width=&#8221;2\/3&#8243;][vc_column_text]<strong>Zadrima Toka Jon\u00eb<\/strong><\/p>\n<p>Website: <a href=\"https:\/\/zadrimatokajone.al\" target=\"_blank\" rel=\"noopener noreferrer\">Zadrimatokajone.al<\/a><br \/>\nFacebook: <a href=\"https:\/\/www.facebook.com\/zadrimaterranostra\/\" target=\"_blank\" rel=\"noopener noreferrer\">@zadrimaterranostra<\/a>[\/vc_column_text][\/vc_column_inner][\/vc_row_inner][vc_empty_space height=&#8221;20px&#8221;][\/vc_column][\/vc_row]<\/p>\n","protected":false},"excerpt":{"rendered":"<p>[vc_row simple_background_color=&#8221;#ffffff&#8221;][vc_column][\/vc_column][\/vc_row][vc_row row_content_width=&#8221;grid&#8221;][vc_column width=&#8221;2\/3&#8243;][vc_empty_space height=&#8221;20px&#8221;][vc_column_text css=&#8221;.vc_custom_1600254301552{padding-bottom: 20px !important;}&#8221;] Our Territory Shija e Veriut promotes traditional products from the three northern Albanian municipalities of Fush\u00eb Arr\u00ebz, Puk\u00eb, and Vau Dej\u00ebs. In this region rocky peaks, forests, meadows, lakes, and rivers surround towns and villages scattered between the\u00a0 lowlands of [&hellip;]<\/p>\n","protected":false},"author":1,"featured_media":0,"parent":0,"menu_order":0,"comment_status":"closed","ping_status":"closed","template":"full-width.php","meta":{"om_disable_all_campaigns":false,"footnotes":""},"class_list":["post-914","page","type-page","status-publish","hentry"],"jetpack_sharing_enabled":true,"_links":{"self":[{"href":"https:\/\/shijaeveriut.com\/index.php?rest_route=\/wp\/v2\/pages\/914","targetHints":{"allow":["GET"]}}],"collection":[{"href":"https:\/\/shijaeveriut.com\/index.php?rest_route=\/wp\/v2\/pages"}],"about":[{"href":"https:\/\/shijaeveriut.com\/index.php?rest_route=\/wp\/v2\/types\/page"}],"author":[{"embeddable":true,"href":"https:\/\/shijaeveriut.com\/index.php?rest_route=\/wp\/v2\/users\/1"}],"replies":[{"embeddable":true,"href":"https:\/\/shijaeveriut.com\/index.php?rest_route=%2Fwp%2Fv2%2Fcomments&post=914"}],"version-history":[{"count":55,"href":"https:\/\/shijaeveriut.com\/index.php?rest_route=\/wp\/v2\/pages\/914\/revisions"}],"predecessor-version":[{"id":6874,"href":"https:\/\/shijaeveriut.com\/index.php?rest_route=\/wp\/v2\/pages\/914\/revisions\/6874"}],"wp:attachment":[{"href":"https:\/\/shijaeveriut.com\/index.php?rest_route=%2Fwp%2Fv2%2Fmedia&parent=914"}],"curies":[{"name":"wp","href":"https:\/\/api.w.org\/{rel}","templated":true}]}}